{"id":5179,"date":"2019-02-22T03:46:35","date_gmt":"2019-02-21T16:46:35","guid":{"rendered":"http:\/\/www.compumedics.com.au\/relations-investisseurs\/"},"modified":"2020-05-25T22:52:09","modified_gmt":"2020-05-25T11:52:09","slug":"relations-investisseurs","status":"publish","type":"page","link":"https:\/\/www.compumedics.com.au\/fr\/relations-investisseurs\/","title":{"rendered":"Relations Investisseurs"},"content":{"rendered":"<p><strong>D\u00e9finir les signaux de vie<\/strong><\/p>\n<p>Leader mondial dans le d\u00e9veloppement, la fabrication et la commercialisation de technologies de diagnostic pour les applications de surveillance du sommeil, du cerveau et du flux sanguin par ultrasons.<\/p>\n<p><strong>Notre vision<\/strong><\/p>\n<p>\u00c9tablir des normes novatrices et technologiques en mati\u00e8re de surveillance des produits en vue d&rsquo;am\u00e9liorer les soins de sant\u00e9. Nous existons pour identifier et fournir des technologies m\u00e9dicales accessibles au monde entier. Nous fournissons \u00e0 nos clients des produits de technologie sup\u00e9rieure,\u00a0 facile d&rsquo;utilisation et de qualit\u00e9.<\/p>\n<p><strong>Nos valeurs<\/strong><\/p>\n<p>Personnes : Confiance, respect et relations<\/p>\n<p>\u00c9thique : Int\u00e9grit\u00e9 sans compromis dans la conduite des affaires<\/p>\n<p>Contribution : \u00e0 l&rsquo;industrie et \u00e0 la collectivit\u00e9<\/p>\n<p>&nbsp;<\/p>\n","protected":false},"excerpt":{"rendered":"<p>D\u00e9finir les signaux de vie Leader mondial dans le d\u00e9veloppement, la fabrication et la commercialisation de technologies de diagnostic pour les applications de surveillance du sommeil, du cerveau et du flux sanguin par ultrasons. Notre vision \u00c9tablir des normes novatrices [&hellip;]<\/p>\n","protected":false},"author":21,"featured_media":0,"parent":0,"menu_order":88,"comment_status":"closed","ping_status":"closed","template":"page-investor-relations.php","meta":{"_acf_changed":false,"footnotes":""},"class_list":["post-5179","page","type-page","status-publish","hentry"],"acf":[],"_links":{"self":[{"href":"https:\/\/www.compumedics.com.au\/fr\/wp-json\/wp\/v2\/pages\/5179","targetHints":{"allow":["GET"]}}],"collection":[{"href":"https:\/\/www.compumedics.com.au\/fr\/wp-json\/wp\/v2\/pages"}],"about":[{"href":"https:\/\/www.compumedics.com.au\/fr\/wp-json\/wp\/v2\/types\/page"}],"author":[{"embeddable":true,"href":"https:\/\/www.compumedics.com.au\/fr\/wp-json\/wp\/v2\/users\/21"}],"replies":[{"embeddable":true,"href":"https:\/\/www.compumedics.com.au\/fr\/wp-json\/wp\/v2\/comments?post=5179"}],"version-history":[{"count":0,"href":"https:\/\/www.compumedics.com.au\/fr\/wp-json\/wp\/v2\/pages\/5179\/revisions"}],"wp:attachment":[{"href":"https:\/\/www.compumedics.com.au\/fr\/wp-json\/wp\/v2\/media?parent=5179"}],"curies":[{"name":"wp","href":"https:\/\/api.w.org\/{rel}","templated":true}]}}