{"id":5069,"date":"2019-02-22T03:02:43","date_gmt":"2019-02-21T16:02:43","guid":{"rendered":"http:\/\/www.compumedics.com.au\/accueil\/"},"modified":"2024-02-21T23:15:41","modified_gmt":"2024-02-21T12:15:41","slug":"accueil-2","status":"publish","type":"page","link":"https:\/\/www.compumedics.com.au\/fr\/","title":{"rendered":"Accueil"},"content":{"rendered":"<p><strong>Fournisseur leader mondial de technologie m\u00e9dicale innovante pour la surveillance des patients<\/strong><\/p>\n<p>Depuis 1987, la strat\u00e9gie de Compumedics s&rsquo;est concentr\u00e9e sur le d\u00e9veloppement de sa comp\u00e9tence de base &#8211; le diagnostic du sommeil &#8211; ce qui lui a permis de devenir l&rsquo;un des leaders sur ce march\u00e9 international en pleine croissance. Aujourd&rsquo;hui, Compumedics est devenu l&rsquo;un des principaux fournisseurs mondiaux de technologies m\u00e9dicales pour le diagnostic du sommeil et des troubles neurologiques (y compris la recherche sur le cerveau) et la surveillance du d\u00e9bit sanguin par ultrasons.<\/p>\n<p>Les technologies et les produits de Compumedics sont distribu\u00e9s \u00e0 des clients partout dans le monde, aidant des millions de personnes qui souffrent de troubles du sommeil, de troubles neurologiques et d&rsquo;autres probl\u00e8mes de sant\u00e9.<\/p>\n<p>Compumedics est cot\u00e9e \u00e0 l&rsquo;Australian Securities Exchange depuis 2000 &#8211; ASX : CMP.<\/p>\n<p>&nbsp;<\/p>\n","protected":false},"excerpt":{"rendered":"<p>Fournisseur leader mondial de technologie m\u00e9dicale innovante pour la surveillance des patients Depuis 1987, la strat\u00e9gie de Compumedics s&rsquo;est concentr\u00e9e sur le d\u00e9veloppement de sa comp\u00e9tence de base &#8211; le diagnostic du sommeil &#8211; ce qui lui a permis de [&hellip;]<\/p>\n","protected":false},"author":21,"featured_media":0,"parent":0,"menu_order":42,"comment_status":"closed","ping_status":"closed","template":"","meta":{"_acf_changed":false,"footnotes":""},"class_list":["post-5069","page","type-page","status-publish","hentry"],"acf":[],"_links":{"self":[{"href":"https:\/\/www.compumedics.com.au\/fr\/wp-json\/wp\/v2\/pages\/5069","targetHints":{"allow":["GET"]}}],"collection":[{"href":"https:\/\/www.compumedics.com.au\/fr\/wp-json\/wp\/v2\/pages"}],"about":[{"href":"https:\/\/www.compumedics.com.au\/fr\/wp-json\/wp\/v2\/types\/page"}],"author":[{"embeddable":true,"href":"https:\/\/www.compumedics.com.au\/fr\/wp-json\/wp\/v2\/users\/21"}],"replies":[{"embeddable":true,"href":"https:\/\/www.compumedics.com.au\/fr\/wp-json\/wp\/v2\/comments?post=5069"}],"version-history":[{"count":0,"href":"https:\/\/www.compumedics.com.au\/fr\/wp-json\/wp\/v2\/pages\/5069\/revisions"}],"wp:attachment":[{"href":"https:\/\/www.compumedics.com.au\/fr\/wp-json\/wp\/v2\/media?parent=5069"}],"curies":[{"name":"wp","href":"https:\/\/api.w.org\/{rel}","templated":true}]}}