{"id":10402,"date":"2020-05-27T20:59:15","date_gmt":"2020-05-27T09:59:15","guid":{"rendered":"http:\/\/www.compumedics.com.au\/a-propos-de-nous\/distribution-marketing\/"},"modified":"2020-05-27T20:59:15","modified_gmt":"2020-05-27T09:59:15","slug":"distribution-marketing","status":"publish","type":"page","link":"https:\/\/www.compumedics.com.au\/fr\/a-propos-de-nous\/distribution-marketing\/","title":{"rendered":"Distribution &amp; Marketing"},"content":{"rendered":"<p>Compumedics fournit ses produits via un r\u00e9seau international \u00e9tabli de distributeurs et de bureaux de vente en directe. Compumedics a son si\u00e8ge social mondial \u00e0 Melbourne, en Australie, et des bureaux aux \u00c9tats-Unis, en Allemagne et en France. Compumedics travaille en \u00e9troite collaboration avec chacun de ses distributeurs pour identifier les besoins des clients et fournir un service et un support optimaux aux distributeurs et \u00e0 l&rsquo;utilisateur final du produit. Il est de la responsabilit\u00e9 du distributeur de vendre directement aux utilisateurs finaux dans leurs territoires particuliers. Les activit\u00e9s mondiales de vente et de marketing de la Soci\u00e9t\u00e9 sont coordonn\u00e9es depuis le si\u00e8ge social de Melbourne, en Australie.<\/p>\n<p><strong>Pour contacter un distributeur, visitez la page<\/strong> <strong>Contactez-nous<\/strong>.<\/p>\n<p><strong>Opportunit\u00e9 pour les distributeurs exp\u00e9riment\u00e9s!<\/strong><\/p>\n<p>Contactez Compumedics pour en savoir plus sur les opportunit\u00e9s de rejoindre le r\u00e9seau de distribution de Compumedics sur des march\u00e9s cl\u00e9s \u00e0 travers le monde.<\/p>\n","protected":false},"excerpt":{"rendered":"<p>Compumedics fournit ses produits via un r\u00e9seau international \u00e9tabli de distributeurs et de bureaux de vente en directe. Compumedics a son si\u00e8ge social mondial \u00e0 Melbourne, en Australie, et des bureaux aux \u00c9tats-Unis, en Allemagne et en France. Compumedics travaille [&hellip;]<\/p>\n","protected":false},"author":5,"featured_media":0,"parent":10393,"menu_order":64,"comment_status":"closed","ping_status":"closed","template":"page-about.php","meta":{"_acf_changed":false,"footnotes":""},"class_list":["post-10402","page","type-page","status-publish","hentry"],"acf":[],"_links":{"self":[{"href":"https:\/\/www.compumedics.com.au\/fr\/wp-json\/wp\/v2\/pages\/10402","targetHints":{"allow":["GET"]}}],"collection":[{"href":"https:\/\/www.compumedics.com.au\/fr\/wp-json\/wp\/v2\/pages"}],"about":[{"href":"https:\/\/www.compumedics.com.au\/fr\/wp-json\/wp\/v2\/types\/page"}],"author":[{"embeddable":true,"href":"https:\/\/www.compumedics.com.au\/fr\/wp-json\/wp\/v2\/users\/5"}],"replies":[{"embeddable":true,"href":"https:\/\/www.compumedics.com.au\/fr\/wp-json\/wp\/v2\/comments?post=10402"}],"version-history":[{"count":0,"href":"https:\/\/www.compumedics.com.au\/fr\/wp-json\/wp\/v2\/pages\/10402\/revisions"}],"up":[{"embeddable":true,"href":"https:\/\/www.compumedics.com.au\/fr\/wp-json\/wp\/v2\/pages\/10393"}],"wp:attachment":[{"href":"https:\/\/www.compumedics.com.au\/fr\/wp-json\/wp\/v2\/media?parent=10402"}],"curies":[{"name":"wp","href":"https:\/\/api.w.org\/{rel}","templated":true}]}}