{"id":10395,"date":"2020-05-27T01:10:26","date_gmt":"2020-05-26T14:10:26","guid":{"rendered":"http:\/\/www.compumedics.com.au\/a-propos-de-nous\/notre-metier\/"},"modified":"2024-02-21T23:24:44","modified_gmt":"2024-02-21T12:24:44","slug":"notre-metier","status":"publish","type":"page","link":"https:\/\/www.compumedics.com.au\/fr\/a-propos-de-nous\/notre-metier\/","title":{"rendered":"notre m\u00e9tier"},"content":{"rendered":"<p>Compumedics, cr\u00e9\u00e9 en 1987, est un leader technologique mondial dans le d\u00e9veloppement et la commercialisation de produits m\u00e9dicaux informatis\u00e9s. Jusqu&rsquo;\u00e0 pr\u00e9sent, notre technologie s&rsquo;est concentr\u00e9e sur le march\u00e9 du sommeil \u00e0 forte croissance et \u00e0 forte valeur ajout\u00e9e. Nous nous concentrons maintenant \u00e9galement sur les domaines associ\u00e9s du neurodiagnostic et de la recherche sur le cerveau. En d\u00e9finissant les signaux de la vie, notre technologie transforme de grandes quantit\u00e9s de donn\u00e9es en informations pr\u00e9cieuses qui conduisent \u00e0 un diagnostic plus pr\u00e9cis et, par cons\u00e9quent, \u00e0 une th\u00e9rapie plus efficace pour certaines des conditions de sant\u00e9 les plus graves. Compumedics est le leader du march\u00e9 du diagnostic du sommeil en Australie, avec une part de march\u00e9 d&rsquo;environ 80%, et une activit\u00e9 internationale en croissance, en particulier aux \u00c9tats-Unis, qui est le plus grand march\u00e9 de dispositifs m\u00e9dicaux au monde. Compumedics est une soci\u00e9t\u00e9 bas\u00e9e en Australie avec des op\u00e9rations et des clients partout dans le monde.<\/p>\n<p><img loading=\"lazy\" decoding=\"async\" class=\"size-medium wp-image-2053 aligncenter\" src=\"https:\/\/www.compumedics.com.au\/wp-content\/uploads\/2016\/07\/business-of-CMP1-1-300x298.png\" alt=\"business-of-cmp1\" width=\"300\" height=\"298\" srcset=\"https:\/\/www.compumedics.com.au\/wp-content\/uploads\/2016\/07\/business-of-CMP1-1-300x298.png 300w, https:\/\/www.compumedics.com.au\/wp-content\/uploads\/2016\/07\/business-of-CMP1-1-150x150.png 150w, https:\/\/www.compumedics.com.au\/wp-content\/uploads\/2016\/07\/business-of-CMP1-1.png 400w\" sizes=\"auto, (max-width: 300px) 100vw, 300px\" \/><\/p>\n","protected":false},"excerpt":{"rendered":"<p>Compumedics, cr\u00e9\u00e9 en 1987, est un leader technologique mondial dans le d\u00e9veloppement et la commercialisation de produits m\u00e9dicaux informatis\u00e9s. Jusqu&rsquo;\u00e0 pr\u00e9sent, notre technologie s&rsquo;est concentr\u00e9e sur le march\u00e9 du sommeil \u00e0 forte croissance et \u00e0 forte valeur ajout\u00e9e. Nous nous [&hellip;]<\/p>\n","protected":false},"author":21,"featured_media":0,"parent":10393,"menu_order":49,"comment_status":"closed","ping_status":"closed","template":"page-about.php","meta":{"_acf_changed":false,"footnotes":""},"class_list":["post-10395","page","type-page","status-publish","hentry"],"acf":[],"_links":{"self":[{"href":"https:\/\/www.compumedics.com.au\/fr\/wp-json\/wp\/v2\/pages\/10395","targetHints":{"allow":["GET"]}}],"collection":[{"href":"https:\/\/www.compumedics.com.au\/fr\/wp-json\/wp\/v2\/pages"}],"about":[{"href":"https:\/\/www.compumedics.com.au\/fr\/wp-json\/wp\/v2\/types\/page"}],"author":[{"embeddable":true,"href":"https:\/\/www.compumedics.com.au\/fr\/wp-json\/wp\/v2\/users\/21"}],"replies":[{"embeddable":true,"href":"https:\/\/www.compumedics.com.au\/fr\/wp-json\/wp\/v2\/comments?post=10395"}],"version-history":[{"count":0,"href":"https:\/\/www.compumedics.com.au\/fr\/wp-json\/wp\/v2\/pages\/10395\/revisions"}],"up":[{"embeddable":true,"href":"https:\/\/www.compumedics.com.au\/fr\/wp-json\/wp\/v2\/pages\/10393"}],"wp:attachment":[{"href":"https:\/\/www.compumedics.com.au\/fr\/wp-json\/wp\/v2\/media?parent=10395"}],"curies":[{"name":"wp","href":"https:\/\/api.w.org\/{rel}","templated":true}]}}