{"id":10393,"date":"2020-05-27T01:01:21","date_gmt":"2020-05-26T14:01:21","guid":{"rendered":"http:\/\/www.compumedics.com.au\/a-propos-de-nous\/"},"modified":"2020-05-27T01:01:21","modified_gmt":"2020-05-26T14:01:21","slug":"a-propos-de-nous","status":"publish","type":"page","link":"https:\/\/www.compumedics.com.au\/fr\/a-propos-de-nous\/","title":{"rendered":"\u00c0 propos de nous"},"content":{"rendered":"<p>Compumedics Limited (ASX: CMP) est une soci\u00e9t\u00e9 de dispositifs m\u00e9dicaux impliqu\u00e9e dans le d\u00e9veloppement, la fabrication et la commercialisation de technologies de diagnostic pour les applications de surveillance du sommeil, du cerveau et des ultrasons du d\u00e9bit sanguin. La soci\u00e9t\u00e9 d\u00e9tient Neuroscan aux \u00c9tats-Unis et DWL Elektronishe Systeme GmbH, bas\u00e9e en Allemagne. En collaboration avec ces deux filiales, Compumedics a une large port\u00e9e internationale, y compris les Am\u00e9riques, l&rsquo;Australie et Asie-Pacifique, l&rsquo;Europe et le Moyen-Orient. Le pr\u00e9sident ex\u00e9cutif, le Dr David Burton, a fond\u00e9 Compumedics en 1987. La m\u00eame ann\u00e9e, la soci\u00e9t\u00e9 a con\u00e7u et install\u00e9 avec succ\u00e8s la premi\u00e8re clinique australienne enti\u00e8rement informatis\u00e9e du sommeil \u00e0 l&rsquo;h\u00f4pital Epworth de Melbourne. Apr\u00e8s ce succ\u00e8s pr\u00e9coce, Compumedics s&rsquo;est concentr\u00e9 sur le d\u00e9veloppement de produits vendus sur les march\u00e9s internationaux en croissance de la clinique du sommeil et de la surveillance \u00e0 domicile. Compumedics est cot\u00e9e \u00e0 l&rsquo;Australian Securities Exchange depuis 2000. Au fil des ans, Compumedics a re\u00e7u de nombreux prix et distinctions, dont l&rsquo;exportateur australien de l&rsquo;ann\u00e9e, et a \u00e9t\u00e9 reconnu comme l&rsquo;un des 100 meilleurs innovateurs par les gouvernements allemand et australien.<\/p>\n","protected":false},"excerpt":{"rendered":"<p>Compumedics Limited (ASX: CMP) est une soci\u00e9t\u00e9 de dispositifs m\u00e9dicaux impliqu\u00e9e dans le d\u00e9veloppement, la fabrication et la commercialisation de technologies de diagnostic pour les applications de surveillance du sommeil, du cerveau et des ultrasons du d\u00e9bit sanguin. La soci\u00e9t\u00e9 [&hellip;]<\/p>\n","protected":false},"author":21,"featured_media":0,"parent":0,"menu_order":46,"comment_status":"closed","ping_status":"closed","template":"page-about.php","meta":{"_acf_changed":false,"footnotes":""},"class_list":["post-10393","page","type-page","status-publish","hentry"],"acf":[],"_links":{"self":[{"href":"https:\/\/www.compumedics.com.au\/fr\/wp-json\/wp\/v2\/pages\/10393","targetHints":{"allow":["GET"]}}],"collection":[{"href":"https:\/\/www.compumedics.com.au\/fr\/wp-json\/wp\/v2\/pages"}],"about":[{"href":"https:\/\/www.compumedics.com.au\/fr\/wp-json\/wp\/v2\/types\/page"}],"author":[{"embeddable":true,"href":"https:\/\/www.compumedics.com.au\/fr\/wp-json\/wp\/v2\/users\/21"}],"replies":[{"embeddable":true,"href":"https:\/\/www.compumedics.com.au\/fr\/wp-json\/wp\/v2\/comments?post=10393"}],"version-history":[{"count":0,"href":"https:\/\/www.compumedics.com.au\/fr\/wp-json\/wp\/v2\/pages\/10393\/revisions"}],"wp:attachment":[{"href":"https:\/\/www.compumedics.com.au\/fr\/wp-json\/wp\/v2\/media?parent=10393"}],"curies":[{"name":"wp","href":"https:\/\/api.w.org\/{rel}","templated":true}]}}