{"id":10386,"date":"2020-05-22T22:53:33","date_gmt":"2020-05-22T11:53:33","guid":{"rendered":"http:\/\/www.compumedics.com.au\/recompenses\/"},"modified":"2020-05-22T22:53:33","modified_gmt":"2020-05-22T11:53:33","slug":"recompenses","status":"publish","type":"page","link":"https:\/\/www.compumedics.com.au\/fr\/a-propos-de-nous\/recompenses\/","title":{"rendered":"R\u00e9compenses"},"content":{"rendered":"<p>Compumedics est une entreprise prim\u00e9e, qui a re\u00e7u plusieurs r\u00e9compenses en reconnaissance de ses r\u00e9alisations en mati\u00e8re d&rsquo;excellence commerciale et technique.<\/p>\n<p><strong>Business Excellence \u00a0 \u00a0 \u00a0\u00a0<\/strong><strong>\u00a0 \u00a0 \u00a0 \u00a0 \u00a0<\/strong><br \/>\n<\/p>\n<p><strong>Technical Excellence<\/strong><br \/>\n<\/p>\n<p>&nbsp;<\/p>\n","protected":false},"excerpt":{"rendered":"<p>Compumedics est une entreprise prim\u00e9e, qui a re\u00e7u plusieurs r\u00e9compenses en reconnaissance de ses r\u00e9alisations en mati\u00e8re d&rsquo;excellence commerciale et technique. Business Excellence \u00a0 \u00a0 \u00a0\u00a0\u00a0 \u00a0 \u00a0 \u00a0 \u00a0 Technical Excellence &nbsp;<\/p>\n","protected":false},"author":5,"featured_media":0,"parent":10393,"menu_order":77,"comment_status":"closed","ping_status":"closed","template":"page-about.php","meta":{"_acf_changed":false,"footnotes":""},"class_list":["post-10386","page","type-page","status-publish","hentry"],"acf":[],"_links":{"self":[{"href":"https:\/\/www.compumedics.com.au\/fr\/wp-json\/wp\/v2\/pages\/10386","targetHints":{"allow":["GET"]}}],"collection":[{"href":"https:\/\/www.compumedics.com.au\/fr\/wp-json\/wp\/v2\/pages"}],"about":[{"href":"https:\/\/www.compumedics.com.au\/fr\/wp-json\/wp\/v2\/types\/page"}],"author":[{"embeddable":true,"href":"https:\/\/www.compumedics.com.au\/fr\/wp-json\/wp\/v2\/users\/5"}],"replies":[{"embeddable":true,"href":"https:\/\/www.compumedics.com.au\/fr\/wp-json\/wp\/v2\/comments?post=10386"}],"version-history":[{"count":0,"href":"https:\/\/www.compumedics.com.au\/fr\/wp-json\/wp\/v2\/pages\/10386\/revisions"}],"up":[{"embeddable":true,"href":"https:\/\/www.compumedics.com.au\/fr\/wp-json\/wp\/v2\/pages\/10393"}],"wp:attachment":[{"href":"https:\/\/www.compumedics.com.au\/fr\/wp-json\/wp\/v2\/media?parent=10386"}],"curies":[{"name":"wp","href":"https:\/\/api.w.org\/{rel}","templated":true}]}}