{"id":10385,"date":"2020-05-22T22:22:35","date_gmt":"2020-05-22T11:22:35","guid":{"rendered":"http:\/\/www.compumedics.com.au\/innovation-medicale\/"},"modified":"2020-05-22T22:22:35","modified_gmt":"2020-05-22T11:22:35","slug":"innovation-medicale","status":"publish","type":"page","link":"https:\/\/www.compumedics.com.au\/fr\/innovation-medicale\/","title":{"rendered":"Innovation m\u00e9dicale"},"content":{"rendered":"<p>Les projets d&rsquo;innovation m\u00e9dicale de Compumedics sont des initiatives passionnantes et substantielles bas\u00e9es sur des plateformes de croissance cl\u00e9s de nouvelle g\u00e9n\u00e9ration. Ces projets comprennent les initiatives de sant\u00e9 en ligne (services de cybersant\u00e9 professionnels et plateforme de sant\u00e9 grand public Somfit) et les syst\u00e8mes de surveillance des l\u00e9sions c\u00e9r\u00e9brales traumatiques (LCT) DWL. En outre, les autres opportunit\u00e9s de commercialisation \u00e0 venir comprennent des projets brevet\u00e9s de traitement du sommeil et de la vigilance des conducteurs.<\/p>\n","protected":false},"excerpt":{"rendered":"<p>Les projets d&rsquo;innovation m\u00e9dicale de Compumedics sont des initiatives passionnantes et substantielles bas\u00e9es sur des plateformes de croissance cl\u00e9s de nouvelle g\u00e9n\u00e9ration. Ces projets comprennent les initiatives de sant\u00e9 en ligne (services de cybersant\u00e9 professionnels et plateforme de sant\u00e9 grand [&hellip;]<\/p>\n","protected":false},"author":5,"featured_media":0,"parent":0,"menu_order":20,"comment_status":"closed","ping_status":"closed","template":"","meta":{"_acf_changed":false,"footnotes":""},"class_list":["post-10385","page","type-page","status-publish","hentry"],"acf":[],"_links":{"self":[{"href":"https:\/\/www.compumedics.com.au\/fr\/wp-json\/wp\/v2\/pages\/10385","targetHints":{"allow":["GET"]}}],"collection":[{"href":"https:\/\/www.compumedics.com.au\/fr\/wp-json\/wp\/v2\/pages"}],"about":[{"href":"https:\/\/www.compumedics.com.au\/fr\/wp-json\/wp\/v2\/types\/page"}],"author":[{"embeddable":true,"href":"https:\/\/www.compumedics.com.au\/fr\/wp-json\/wp\/v2\/users\/5"}],"replies":[{"embeddable":true,"href":"https:\/\/www.compumedics.com.au\/fr\/wp-json\/wp\/v2\/comments?post=10385"}],"version-history":[{"count":0,"href":"https:\/\/www.compumedics.com.au\/fr\/wp-json\/wp\/v2\/pages\/10385\/revisions"}],"wp:attachment":[{"href":"https:\/\/www.compumedics.com.au\/fr\/wp-json\/wp\/v2\/media?parent=10385"}],"curies":[{"name":"wp","href":"https:\/\/api.w.org\/{rel}","templated":true}]}}