{"id":10383,"date":"2020-05-22T22:14:34","date_gmt":"2020-05-22T11:14:34","guid":{"rendered":"http:\/\/www.compumedics.com.au\/politique-de-confidentialite\/"},"modified":"2020-05-22T22:14:34","modified_gmt":"2020-05-22T11:14:34","slug":"politique-de-confidentialite","status":"publish","type":"page","link":"https:\/\/www.compumedics.com.au\/fr\/a-propos-de-nous\/politique-de-confidentialite\/","title":{"rendered":"politique de confidentialit\u00e9"},"content":{"rendered":"<p>Introduction<br \/>\n1.1 Nous nous engageons \u00e0 prot\u00e9ger la confidentialit\u00e9 des visiteurs de notre site Web.<\/p>\n<p>1.2 Cette politique s&rsquo;applique lorsque nous agissons en tant que contr\u00f4leur de donn\u00e9es en ce qui concerne les donn\u00e9es personnelles des visiteurs de notre site Web; en d&rsquo;autres termes, lorsque nous d\u00e9terminons les finalit\u00e9s et les moyens du traitement de ces donn\u00e9es personnelles.<\/p>\n<p>1.3 Nous utilisons des cookies sur notre site Web. Dans la mesure o\u00f9 ces cookies ne sont pas strictement n\u00e9cessaires \u00e0 la fourniture de notre site Web et de nos services, nous vous demanderons de consentir \u00e0 notre utilisation des cookies lors de votre premi\u00e8re visite sur notre site Web.<\/p>\n<p>1.4 Dans cette politique, \u00abnous\u00bb, \u00abnotre\u00bb et \u00abnotre\u00bb font r\u00e9f\u00e9rence \u00e0 Compumedics Limited. Pour plus d&rsquo;informations sur nous, voir la section 15.<\/p>\n<p>Comment nous utilisons vos donn\u00e9es personnelles<br \/>\n2.1 Dans cette section 2, nous avons expos\u00e9:<\/p>\n<p>(a) les cat\u00e9gories g\u00e9n\u00e9rales de donn\u00e9es personnelles que nous pouvons traiter;<\/p>\n<p>(b) les finalit\u00e9s pour lesquelles nous pouvons traiter des donn\u00e9es personnelles; et<\/p>\n<p>(c) les bases juridiques du traitement.<\/p>\n<p>2.2 Nous pouvons traiter des donn\u00e9es relatives \u00e0 votre utilisation de notre site Web et de nos services (\u00ab<strong>donn\u00e9es d&rsquo;utilisation<\/strong>\u00bb). Les donn\u00e9es d&rsquo;utilisation peuvent inclure votre adresse IP, votre emplacement g\u00e9ographique, le type et la version du navigateur, le syst\u00e8me d&rsquo;exploitation, la source de r\u00e9f\u00e9rence, la dur\u00e9e de la visite, les pages vues et les chemins de navigation du site Web, ainsi que des informations sur le calendrier, la fr\u00e9quence et le mod\u00e8le de votre utilisation du service. La source des donn\u00e9es d&rsquo;utilisation est Google Analytics. Ces donn\u00e9es d&rsquo;utilisation peuvent \u00eatre trait\u00e9es \u00e0 des fins d&rsquo;analyse de l&rsquo;utilisation du site Web et des services. La base juridique de ce traitement est nos int\u00e9r\u00eats l\u00e9gitimes, \u00e0 savoir la surveillance et l&rsquo;am\u00e9lioration de notre site Web et de nos services.<\/p>\n<p>2.3 Nous pouvons traiter vos donn\u00e9es de compte (\u00ab\u00a0<strong>donn\u00e9es de compte<\/strong>\u00ab\u00a0). Les donn\u00e9es du compte peuvent inclure votre nom et votre adresse e-mail. Les donn\u00e9es du compte peuvent \u00eatre trait\u00e9es dans le but de fournir nos services et de communiquer avec vous. La base juridique de ce traitement est le consentement.<\/p>\n<p>2.4 Nous pouvons traiter les informations contenues dans toute demande que vous nous soumettez concernant des biens et \/ ou des services (\u00ab\u00a0<strong>donn\u00e9es de correspondance<\/strong>\u00ab\u00a0). Les donn\u00e9es de correspondance peuvent \u00eatre trait\u00e9es dans le but de vous proposer, commercialiser et vendre des biens et \/ ou services pertinents. La base juridique de ce traitement est le consentement.<\/p>\n<p>2.5 Nous pouvons traiter les informations que vous nous fournissez dans le but de vous abonner \u00e0 nos notifications par courrier \u00e9lectronique et \/ ou \u00e0 nos newsletters (\u00ab<strong>donn\u00e9es de notification<\/strong>\u00bb). Les donn\u00e9es de notification peuvent \u00eatre trait\u00e9es dans le but de vous envoyer les notifications et \/ ou newsletters pertinentes. La base juridique de ce traitement est le consentement.<\/p>\n<p>2.6 Nous pouvons traiter les informations contenues dans ou relatives \u00e0 toute communication que vous nous envoyez (\u00ab\u00a0donn\u00e9es de correspondance\u00a0\u00bb). Les donn\u00e9es de correspondance peuvent inclure le contenu et les m\u00e9tadonn\u00e9es de communication associ\u00e9s \u00e0 la communication. Notre site Web g\u00e9n\u00e9rera les m\u00e9tadonn\u00e9es associ\u00e9es aux communications effectu\u00e9es \u00e0 l&rsquo;aide des formulaires de contact du site Web. Les donn\u00e9es de correspondance peuvent \u00eatre trait\u00e9es \u00e0 des fins de communication avec vous et de tenue de registres. La base juridique de ce traitement est nos int\u00e9r\u00eats l\u00e9gitimes, \u00e0 savoir la bonne administration de notre site Web et de nos activit\u00e9s et communications avec les utilisateurs.<\/p>\n<p>2.7 Nous pouvons traiter n&rsquo;importe laquelle de vos donn\u00e9es personnelles identifi\u00e9es dans la pr\u00e9sente politique de confidentialit\u00e9 lorsque cela est n\u00e9cessaire pour l&rsquo;\u00e9tablissement, l&rsquo;exercice ou la d\u00e9fense de r\u00e9clamations judiciaires, que ce soit dans le cadre d&rsquo;une proc\u00e9dure judiciaire ou dans le cadre d&rsquo;une proc\u00e9dure administrative ou extrajudiciaire. La base juridique de ce traitement est nos int\u00e9r\u00eats l\u00e9gitimes, \u00e0 savoir la protection et l&rsquo;affirmation de nos droits l\u00e9gaux, vos droits l\u00e9gaux et les droits l\u00e9gaux d&rsquo;autrui.<\/p>\n<p>2.8 Nous pouvons traiter n&rsquo;importe laquelle de vos donn\u00e9es personnelles identifi\u00e9es dans cette politique de confidentialit\u00e9 lorsque cela est n\u00e9cessaire pour obtenir ou maintenir une couverture d&rsquo;assurance, g\u00e9rer les risques ou obtenir des conseils professionnels. La base juridique de ce traitement est notre int\u00e9r\u00eat l\u00e9gitime, \u00e0 savoir la bonne protection de notre entreprise contre les risques.<\/p>\n<p>2.9 Outre les finalit\u00e9s sp\u00e9cifiques pour lesquelles nous pouvons traiter vos donn\u00e9es personnelles \u00e9nonc\u00e9es dans la pr\u00e9sente section 2, nous pouvons \u00e9galement traiter vos donn\u00e9es personnelles lorsque ce traitement est n\u00e9cessaire pour se conformer \u00e0 une obligation l\u00e9gale \u00e0 laquelle nous sommes soumis, ou afin de prot\u00e9ger vos int\u00e9r\u00eats vitaux ou les int\u00e9r\u00eats vitaux d&rsquo;une autre personne physique.<\/p>\n<p>2.10 Veuillez ne pas nous fournir les donn\u00e9es personnelles d&rsquo;une autre personne, sauf si nous vous y invitons.<\/p>\n<p>Fournir vos donn\u00e9es personnelles \u00e0 des tiers<br \/>\n3.1 Nous pouvons divulguer vos donn\u00e9es personnelles \u00e0 tout membre de notre groupe de soci\u00e9t\u00e9s (cela signifie nos filiales, notre soci\u00e9t\u00e9 de portefeuille ultime et toutes ses filiales) dans la mesure o\u00f9 cela est raisonnablement n\u00e9cessaire aux fins et sur les bases juridiques \u00e9nonc\u00e9es dans la pr\u00e9sente politique. Des informations sur notre groupe d&rsquo;entreprises sont disponibles sur www.compumedics.com.<\/p>\n<p>3.2 Nous pouvons divulguer vos donn\u00e9es personnelles \u00e0 nos assureurs et \/ ou conseillers professionnels dans la mesure o\u00f9 cela est raisonnablement n\u00e9cessaire aux fins de l&rsquo;obtention ou du maintien de la couverture d&rsquo;assurance, de la gestion des risques, de l&rsquo;obtention de conseils professionnels, ou de la cr\u00e9ation, de l&rsquo;exercice ou de la d\u00e9fense de r\u00e9clamations judiciaires, que ce soit devant les tribunaux dans le cadre d\u2019une proc\u00e9dure administrative ou extrajudiciaire.<\/p>\n<p>3.3 En plus des divulgations sp\u00e9cifiques de donn\u00e9es personnelles \u00e9nonc\u00e9es dans la pr\u00e9sente section 3, nous pouvons divulguer vos donn\u00e9es personnelles lorsque cette divulgation est n\u00e9cessaire pour se conformer \u00e0 une obligation l\u00e9gale \u00e0 laquelle nous sommes soumis, ou afin de prot\u00e9ger vos int\u00e9r\u00eats vitaux ou la int\u00e9r\u00eats vitaux d&rsquo;une autre personne physique. Nous pouvons \u00e9galement divulguer vos donn\u00e9es personnelles lorsque cette divulgation est n\u00e9cessaire pour la constatation, l&rsquo;exercice ou la d\u00e9fense de droits en justice, que ce soit dans le cadre d&rsquo;une proc\u00e9dure judiciaire ou dans le cadre d&rsquo;une proc\u00e9dure administrative ou extrajudiciaire.<\/p>\n<p>4. Conservation et suppression des donn\u00e9es personnelles<\/p>\n<p>4.1 La pr\u00e9sente section 4 d\u00e9finit nos politiques et proc\u00e9dures de conservation des donn\u00e9es, qui sont con\u00e7ues pour garantir que nous respectons nos obligations l\u00e9gales en mati\u00e8re de conservation et de suppression des donn\u00e9es personnelles.<\/p>\n<p>4.2 Les donn\u00e9es personnelles que nous traitons \u00e0 toutes fins ne doivent pas \u00eatre conserv\u00e9es plus longtemps que n\u00e9cessaire \u00e0 ces fins.<\/p>\n<p>4.3 Nous conserverons vos donn\u00e9es personnelles comme suit:<\/p>\n<p>(a) la cat\u00e9gorie des donn\u00e9es personnelles sera conserv\u00e9e pendant une p\u00e9riode minimale de [p\u00e9riode] suivant [date] et pendant une p\u00e9riode maximale de 7 ans apr\u00e8s r\u00e9ception.<\/p>\n<p>4.4 Dans certains cas, il nous est impossible de sp\u00e9cifier \u00e0 l&rsquo;avance les p\u00e9riodes pendant lesquelles vos donn\u00e9es personnelles seront conserv\u00e9es. Dans de tels cas, nous d\u00e9terminerons la p\u00e9riode de conservation en fonction des crit\u00e8res suivants:<\/p>\n<p>(a) la p\u00e9riode de conservation des donn\u00e9es personnelles sera d\u00e9termin\u00e9e en fonction du respect des obligations l\u00e9gales.<\/p>\n<p>4.5 Nonobstant les autres dispositions de la pr\u00e9sente section 4, nous pouvons conserver vos donn\u00e9es personnelles lorsque cette conservation est n\u00e9cessaire pour se conformer \u00e0 une obligation l\u00e9gale \u00e0 laquelle nous sommes soumis, ou afin de prot\u00e9ger vos int\u00e9r\u00eats vitaux ou les int\u00e9r\u00eats vitaux d&rsquo;une autre personne physique.<\/p>\n<p>Amendements<br \/>\n5.1 Nous pouvons mettre \u00e0 jour cette politique de temps \u00e0 autre en publiant une nouvelle version sur notre site Web.<\/p>\n<p>5.2 Vous devriez consulter cette page de temps en temps pour vous assurer que vous \u00eates satisfait de tout changement \u00e0 cette politique.<\/p>\n<p>6. Vos droits<\/p>\n<p>6.1 Dans cette section 6, nous avons r\u00e9sum\u00e9 les droits que vous avez en vertu de la loi sur la protection des donn\u00e9es. Certains droits sont complexes et tous les d\u00e9tails n&rsquo;ont pas \u00e9t\u00e9 inclus dans nos r\u00e9sum\u00e9s. En cons\u00e9quence, vous devez lire les lois et les directives pertinentes des autorit\u00e9s r\u00e9glementaires pour une explication compl\u00e8te de ces droits.<\/p>\n<p>6.2 Vos principaux droits en vertu de la loi sur la protection des donn\u00e9es sont:<\/p>\n<p>a) le droit d&rsquo;acc\u00e8s;<\/p>\n<p>(b) le droit de rectification;<\/p>\n<p>c) le droit \u00e0 l&rsquo;effacement;<\/p>\n<p>(d) le droit de restreindre le traitement;<\/p>\n<p>(e) le droit de s&rsquo;opposer au traitement;<\/p>\n<p>(f) le droit \u00e0 la portabilit\u00e9 des donn\u00e9es;<\/p>\n<p>g) le droit de porter plainte aupr\u00e8s d&rsquo;une autorit\u00e9 de contr\u00f4le; et<\/p>\n<p>h) le droit de retirer son consentement.<\/p>\n<p>6.3 Vous avez le droit de confirmer si nous traitons ou non vos donn\u00e9es personnelles et, o\u00f9 nous le faisons, d&rsquo;acc\u00e9der aux donn\u00e9es personnelles, ainsi que certaines informations suppl\u00e9mentaires. Ces informations suppl\u00e9mentaires comprennent des d\u00e9tails sur les finalit\u00e9s du traitement, les cat\u00e9gories de donn\u00e9es personnelles concern\u00e9es et les destinataires des donn\u00e9es personnelles. Si les droits et libert\u00e9s d&rsquo;autrui ne sont pas affect\u00e9s, nous vous fournirons une copie de vos donn\u00e9es personnelles. La premi\u00e8re copie sera fournie gratuitement, mais des copies suppl\u00e9mentaires peuvent \u00eatre soumises \u00e0 des frais raisonnables.<\/p>\n<p>6.4 Vous avez le droit de rectifier toute donn\u00e9e personnelle inexacte vous concernant et, compte tenu des finalit\u00e9s du traitement, de compl\u00e9ter toute donn\u00e9e personnelle incompl\u00e8te vous concernant.<\/p>\n<p>6.5 Dans certaines circonstances, vous avez le droit d&rsquo;effacer vos donn\u00e9es personnelles sans retard injustifi\u00e9. Ces circonstances incluent: les donn\u00e9es personnelles ne sont plus n\u00e9cessaires au regard des finalit\u00e9s pour lesquelles elles ont \u00e9t\u00e9 collect\u00e9es ou trait\u00e9es d&rsquo;une autre mani\u00e8re; vous retirez votre consentement au traitement bas\u00e9 sur le consentement; vous vous opposez au traitement en vertu de certaines r\u00e8gles de la loi applicable sur la protection des donn\u00e9es; le traitement est destin\u00e9 \u00e0 des fins de marketing direct; et les donn\u00e9es personnelles ont \u00e9t\u00e9 trait\u00e9es ill\u00e9galement. Cependant, il existe des exclusions du droit \u00e0 l&rsquo;effacement. Les exclusions g\u00e9n\u00e9rales comprennent les cas o\u00f9 le traitement est n\u00e9cessaire: pour l&rsquo;exercice du droit \u00e0 la libert\u00e9 d&rsquo;expression et d&rsquo;information; pour le respect d&rsquo;une obligation l\u00e9gale; ou pour la constatation, l&rsquo;exercice ou la d\u00e9fense de droits en justice.<\/p>\n<p>6.6 Dans certaines circonstances, vous avez le droit de restreindre le traitement de vos donn\u00e9es personnelles. Ces circonstances sont: vous contestez l&rsquo;exactitude des donn\u00e9es personnelles; le traitement est ill\u00e9gal mais vous vous opposez \u00e0 l&rsquo;effacement; nous n&rsquo;avons plus besoin des donn\u00e9es personnelles aux fins de notre traitement, mais vous avez besoin de donn\u00e9es personnelles pour l&rsquo;\u00e9tablissement, l&rsquo;exercice ou la d\u00e9fense de r\u00e9clamations l\u00e9gales; et vous vous \u00eates oppos\u00e9 au traitement, en attendant la v\u00e9rification de cette objection. Lorsque le traitement a \u00e9t\u00e9 restreint sur cette base, nous pouvons continuer \u00e0 stocker vos donn\u00e9es personnelles. Cependant, nous ne le traiterons qu&rsquo;autrement: avec votre consentement; pour la constatation, l&rsquo;exercice ou la d\u00e9fense de droits en justice; pour la protection des droits d&rsquo;une autre personne physique ou morale; ou pour des raisons d&rsquo;int\u00e9r\u00eat public important.<\/p>\n<p>6.7 Vous avez le droit de vous opposer \u00e0 notre traitement de vos donn\u00e9es \u00e0 caract\u00e8re personnel pour des motifs li\u00e9s \u00e0 votre situation particuli\u00e8re, mais uniquement dans la mesure o\u00f9 la base juridique du traitement est que le traitement est n\u00e9cessaire pour: l&rsquo;ex\u00e9cution d&rsquo;une t\u00e2che effectu\u00e9e en l&rsquo;int\u00e9r\u00eat public ou l&rsquo;exercice de toute autorit\u00e9 officielle qui nous est confi\u00e9e; ou aux fins des int\u00e9r\u00eats l\u00e9gitimes poursuivis par nous ou par un tiers. Si vous formulez une telle objection, nous cesserons de traiter les informations personnelles \u00e0 moins que nous ne puissions d\u00e9montrer des motifs l\u00e9gitimes imp\u00e9rieux pour le traitement qui l&#8217;emportent sur vos int\u00e9r\u00eats, droits et libert\u00e9s, ou que le traitement vise \u00e0 \u00e9tablir, exercer ou d\u00e9fendre des r\u00e9clamations l\u00e9gales.<\/p>\n<p>6.8 Dans la mesure o\u00f9 la base juridique de notre traitement de vos donn\u00e9es personnelles est:<\/p>\n<p>a) consentement; ou<\/p>\n<p>(b) que le traitement est n\u00e9cessaire \u00e0 l&rsquo;ex\u00e9cution d&rsquo;un contrat auquel vous \u00eates partie ou afin de prendre des mesures \u00e0 votre demande avant de conclure un contrat,<\/p>\n<p>et un tel traitement est effectu\u00e9 par des moyens automatis\u00e9s, vous avez le droit de recevoir vos donn\u00e9es personnelles de notre part dans un format structur\u00e9, couramment utilis\u00e9 et lisible par machine. Cependant, ce droit ne s&rsquo;applique pas lorsqu&rsquo;il porterait atteinte aux droits et libert\u00e9s d&rsquo;autrui.<\/p>\n<p>6.9 Si vous consid\u00e9rez que notre traitement de vos informations personnelles enfreint les lois sur la protection des donn\u00e9es, vous avez le droit l\u00e9gal de d\u00e9poser une plainte aupr\u00e8s d&rsquo;une autorit\u00e9 de contr\u00f4le responsable de la protection des donn\u00e9es. Vous pouvez le faire dans l&rsquo;\u00c9tat membre de l&rsquo;UE de votre r\u00e9sidence habituelle, de votre lieu de travail ou du lieu de l&rsquo;infraction pr\u00e9sum\u00e9e.<\/p>\n<p>6.10 Dans la mesure o\u00f9 la base juridique de notre traitement de vos informations personnelles est le consentement, vous avez le droit de retirer ce consentement \u00e0 tout moment. Le retrait n&rsquo;affectera pas la l\u00e9galit\u00e9 du traitement avant le retrait.<\/p>\n<p>6.11 Vous pouvez exercer n&rsquo;importe lequel de vos droits concernant vos donn\u00e9es personnelles par notification \u00e9crite \u00e0 nous, en plus des autres m\u00e9thodes sp\u00e9cifi\u00e9es dans la pr\u00e9sente section 6.<\/p>\n<p>Sites Web tiers<br \/>\n7.1 Notre site Web comprend des hyperliens vers des sites Web de tiers et des d\u00e9tails sur ceux-ci.<\/p>\n<p>7.2 Nous n&rsquo;avons aucun contr\u00f4le et ne sommes pas responsables des politiques et pratiques de confidentialit\u00e9 de tiers.<\/p>\n<p>Donn\u00e9es personnelles des enfants<br \/>\n8.1 Notre site Web et nos services sont destin\u00e9s aux personnes de plus de 18 ans.<\/p>\n<p>8.2 Si nous avons des raisons de croire que nous d\u00e9tenons des donn\u00e9es personnelles d&rsquo;une personne de moins de cet \u00e2ge dans nos bases de donn\u00e9es, nous supprimerons ces donn\u00e9es personnelles.<\/p>\n<p>9. Mise \u00e0 jour des informations<\/p>\n<p>9.1 Veuillez nous informer si les informations personnelles que nous d\u00e9tenons \u00e0 votre sujet doivent \u00eatre corrig\u00e9es ou mises \u00e0 jour.<\/p>\n<p>10. \u00c0 propos des cookies<\/p>\n<p>10.1 Un cookie est un fichier contenant un identifiant (une cha\u00eene de lettres et de chiffres) envoy\u00e9 par un serveur Web \u00e0 un navigateur Web et stock\u00e9 par le navigateur. L&rsquo;identifiant est ensuite renvoy\u00e9 au serveur \u00e0 chaque fois que le navigateur demande une page au serveur.<\/p>\n<p>10.2 Les cookies peuvent \u00eatre des cookies \u00ab\u00a0persistants\u00a0\u00bb ou des cookies \u00ab\u00a0de session\u00a0\u00bb: un cookie persistant sera stock\u00e9 par un navigateur Web et restera valide jusqu&rsquo;\u00e0 sa date d&rsquo;expiration d\u00e9finie, sauf s&rsquo;il est supprim\u00e9 par l&rsquo;utilisateur avant la date d&rsquo;expiration; un cookie de session, en revanche, expirera \u00e0 la fin de la session utilisateur, lorsque le navigateur Web sera ferm\u00e9.<\/p>\n<p>10.3 Les cookies ne contiennent g\u00e9n\u00e9ralement aucune information permettant d&rsquo;identifier personnellement un utilisateur, mais les informations personnelles que nous stockons \u00e0 votre sujet peuvent \u00eatre li\u00e9es aux informations stock\u00e9es et obtenues \u00e0 partir des cookies.<\/p>\n<p>11. Cookies que nous utilisons<\/p>\n<p>11.1 Nous utilisons des cookies aux fins suivantes:<\/p>\n<p>(a) authentification &#8211; nous utilisons des cookies pour vous identifier lorsque vous visitez notre site Web et lorsque vous naviguez sur notre site Web (les cookies utilis\u00e9s \u00e0 cette fin sont: [identifier les cookies]);<\/p>\n<p>(b) statut &#8211; nous utilisons des cookies pour nous aider \u00e0 d\u00e9terminer si vous \u00eates connect\u00e9 \u00e0 notre site Web (les cookies utilis\u00e9s \u00e0 cette fin sont: [identifier les cookies]);<\/p>\n<p>(c) panier &#8211; nous utilisons des cookies pour maintenir l&rsquo;\u00e9tat de votre panier lorsque vous naviguez sur notre site Web (les cookies utilis\u00e9s \u00e0 cette fin sont: [identifier les cookies]);<\/p>\n<p>(d) personnalisation &#8211; nous utilisons des cookies pour stocker des informations sur vos pr\u00e9f\u00e9rences et pour personnaliser notre site Web pour vous (les cookies utilis\u00e9s \u00e0 cette fin sont: [identifier les cookies]);<\/p>\n<p>(e) s\u00e9curit\u00e9 &#8211; nous utilisons des cookies en tant qu&rsquo;\u00e9l\u00e9ment des mesures de s\u00e9curit\u00e9 utilis\u00e9es pour prot\u00e9ger les comptes d&rsquo;utilisateurs, y compris la pr\u00e9vention de l&rsquo;utilisation frauduleuse des informations de connexion, et pour prot\u00e9ger notre site Web et nos services en g\u00e9n\u00e9ral (les cookies utilis\u00e9s \u00e0 cette fin sont: [identifier les cookies]) ; et<\/p>\n<p>(f) analyse &#8211; nous utilisons des cookies pour nous aider \u00e0 analyser l&rsquo;utilisation et les performances de notre site Web et de nos services (les cookies utilis\u00e9s \u00e0 cette fin sont: [identifier les cookies]).<\/p>\n<p>12. Cookies utilis\u00e9s par nos prestataires de services<\/p>\n<p>12.1 Nos fournisseurs de services utilisent des cookies et ces cookies peuvent \u00eatre stock\u00e9s sur votre ordinateur lorsque vous visitez notre site Web.<\/p>\n<p>12.2 Nous utilisons Google Analytics pour analyser l&rsquo;utilisation de notre site Web. Google Analytics recueille des informations sur l&rsquo;utilisation du site Web au moyen de cookies. Les informations recueillies concernant notre site Web sont utilis\u00e9es pour cr\u00e9er des rapports sur l&rsquo;utilisation de notre site Web. La politique de confidentialit\u00e9 de Google est disponible \u00e0 l&rsquo;adresse: https:\/\/www.google.com\/policies\/privacy\/. Les cookies concern\u00e9s sont: [identifier les cookies].<\/p>\n<p>12.3 Nous utilisons [identifier le fournisseur de services] pour [sp\u00e9cifier le service]. Ce service utilise des cookies pour [pr\u00e9ciser le (s) but (s)]. Vous pouvez consulter la politique de confidentialit\u00e9 de ce fournisseur de services sur [URL].<\/p>\n<p>13. G\u00e9rer les cookies<\/p>\n<p>13.1 La plupart des navigateurs vous permettent de refuser d&rsquo;accepter les cookies et de supprimer les cookies. Les m\u00e9thodes pour ce faire varient d&rsquo;un navigateur \u00e0 l&rsquo;autre et d&rsquo;une version \u00e0 l&rsquo;autre. Vous pouvez cependant obtenir des informations \u00e0 jour sur le blocage et la suppression des cookies via ces liens:<\/p>\n<p>(a) https:\/\/support.google.com\/chrome\/answer\/95647?hl=en\u00a0 (Chrome);<\/p>\n<p>(b) https:\/\/support.mozilla.org\/en-US\/kb\/enable-and-disable-cookies-website-preferences (Firefox);<\/p>\n<p>(c) http:\/\/www.opera.com\/help\/tutorials\/security\/cookies\/ (Opera);<\/p>\n<p>(d) https:\/\/support.microsoft.com\/en-gb\/help\/17442\/windows-internet-explorer-delete-manage-cookies (Internet Explorer);<\/p>\n<p>(e) https:\/\/support.apple.com\/kb\/PH21411 (Safari); et<\/p>\n<p>(f) https:\/\/privacy.microsoft.com\/en-us\/windows-10-microsoft-edge-and-privacy (Edge).<\/p>\n<p>13.2 Le blocage de tous les cookies aura un impact n\u00e9gatif sur la convivialit\u00e9 de nombreux sites Web.<\/p>\n<p>13.3 Si vous bloquez les cookies, vous ne pourrez pas utiliser toutes les fonctionnalit\u00e9s de notre site Web.<\/p>\n<p>14. Pr\u00e9f\u00e9rences en mati\u00e8re de cookies<\/p>\n<p>14.1 Vous pouvez g\u00e9rer vos pr\u00e9f\u00e9rences relatives \u00e0 l&rsquo;utilisation de cookies sur notre site Web en visitant: [URL]<\/p>\n<p>Nos coordonn\u00e9es<br \/>\n15.1 Ce site Web est d\u00e9tenu et exploit\u00e9 par Compumedics Limited.<\/p>\n<p>15.2 Nous sommes enregistr\u00e9s \u00e0 Abbotsford, Victoria, Australie sous le num\u00e9ro d&rsquo;enregistrement ACN: 006 854 879, et notre si\u00e8ge social est situ\u00e9 au 30-40 Flockhart Street, Abbotsford, Victoria, 3067 Australie.<\/p>\n<p>15.3 Notre principal \u00e9tablissement est situ\u00e9 au 30-40 Flockhart Street, Abbotsford, Victoria, 3067 Australie.<\/p>\n<p>15.4 Vous pouvez nous contacter:<\/p>\n<p>(a) en utilisant notre formulaire de contact sur le site Web.<\/p>\n<p>16. D\u00e9l\u00e9gu\u00e9 \u00e0 la protection des donn\u00e9es<\/p>\n<p>16.1 Les coordonn\u00e9es de notre d\u00e9l\u00e9gu\u00e9 \u00e0 la protection des donn\u00e9es sont: dataprotectionofficer@compumedics.com.au.<\/p>\n","protected":false},"excerpt":{"rendered":"<p>Introduction 1.1 Nous nous engageons \u00e0 prot\u00e9ger la confidentialit\u00e9 des visiteurs de notre site Web. 1.2 Cette politique s&rsquo;applique lorsque nous agissons en tant que contr\u00f4leur de donn\u00e9es en ce qui concerne les donn\u00e9es personnelles des visiteurs de notre site [&hellip;]<\/p>\n","protected":false},"author":5,"featured_media":7662,"parent":10393,"menu_order":12,"comment_status":"closed","ping_status":"closed","template":"page-about.php","meta":{"_acf_changed":false,"footnotes":""},"class_list":["post-10383","page","type-page","status-publish","has-post-thumbnail","hentry"],"acf":[],"_links":{"self":[{"href":"https:\/\/www.compumedics.com.au\/fr\/wp-json\/wp\/v2\/pages\/10383","targetHints":{"allow":["GET"]}}],"collection":[{"href":"https:\/\/www.compumedics.com.au\/fr\/wp-json\/wp\/v2\/pages"}],"about":[{"href":"https:\/\/www.compumedics.com.au\/fr\/wp-json\/wp\/v2\/types\/page"}],"author":[{"embeddable":true,"href":"https:\/\/www.compumedics.com.au\/fr\/wp-json\/wp\/v2\/users\/5"}],"replies":[{"embeddable":true,"href":"https:\/\/www.compumedics.com.au\/fr\/wp-json\/wp\/v2\/comments?post=10383"}],"version-history":[{"count":0,"href":"https:\/\/www.compumedics.com.au\/fr\/wp-json\/wp\/v2\/pages\/10383\/revisions"}],"up":[{"embeddable":true,"href":"https:\/\/www.compumedics.com.au\/fr\/wp-json\/wp\/v2\/pages\/10393"}],"wp:featuredmedia":[{"embeddable":true,"href":"https:\/\/www.compumedics.com.au\/fr\/wp-json\/wp\/v2\/media\/7662"}],"wp:attachment":[{"href":"https:\/\/www.compumedics.com.au\/fr\/wp-json\/wp\/v2\/media?parent=10383"}],"curies":[{"name":"wp","href":"https:\/\/api.w.org\/{rel}","templated":true}]}}