{"id":7682,"date":"2020-05-20T21:05:12","date_gmt":"2020-05-20T10:05:12","guid":{"rendered":"http:\/\/www.compumedics.com.au\/datenschutzerklarung\/"},"modified":"2020-07-02T01:00:15","modified_gmt":"2020-07-01T14:00:15","slug":"datenschutzerklarung","status":"publish","type":"page","link":"https:\/\/www.compumedics.com.au\/de\/about-us\/datenschutzerklarung\/","title":{"rendered":"Datenschutzerkl\u00e4rung"},"content":{"rendered":"<p>Einf\u00fchrung<\/p>\n<p>1.1   Wir verpflichten uns, die Privatsph\u00e4re unserer Website-Besucher zu sch\u00fctzen.<\/p>\n<p>1.2   Die Datenschutzrichtlinie findet \u00fcberall dort Anwendung, wo wir als Verantwortlicher f\u00fcr die Verarbeitung der pers\u00f6nlichen Daten unserer Website-Besucher agieren, d.h. dort, wo wir die Verwendungszwecke und Mittel der Verarbeitung dieser pers\u00f6nlichen Daten festlegen.<\/p>\n<p>1.3  Wir verwenden Cookies auf unserer Website. Soweit diese Cookies f\u00fcr die Bereitstellung unserer Website und Dienstleistungen nicht erforderlich sind, werden wir Sie beim ersten Besuch unserer Website um Ihre Zustimmung zur Verwendung von Cookies bitten.<\/p>\n<p>1.4   In dieser Richtline beziehen sich &#8222;wir&#8220;, &#8222;uns&#8220; und &#8222;unser&#8220; auf Compumedics Limited. Weitere Informationen \u00fcber uns finden Sie in Abschnitt 15.<\/p>\n<p>2.  Wie wir Ihre personenbezogenen Daten verwenden<\/p>\n<p>2.1  In Abschnitt 2 legen wir dar:<\/p>\n<p>(a)  die allgemeinen Kategorien von personenbezogenen Daten, die wir verarbeiten d\u00fcrfen;<\/p>\n<p>(b)  die Zwecke, f\u00fcr die wir personenbezogene Daten verarbeiten d\u00fcrfen; sowie<\/p>\n<p>(c)  die Rechtsgrundlagen f\u00fcr die Verarbeitung.<\/p>\n<p>2.2  Wir d\u00fcrfen Daten verarbeiten \u00fcber Ihre Nutzung unserer Website und Dienstleistungen (&#8222;Nutzungsdaten&#8220;). Die Nutzungsdaten d\u00fcrfen einschlie\u00dfen: Ihre IP-Adresse, Ihren geographischen Standort, Browser Typ und Version, Betriebssystem, Verweisquelle, Dauer des Besuchs, Seitenaufrufe und Navigationspfade der Website, sowie Informationen \u00fcber den Zeitpunkt, die H\u00e4ufigkeit und das Muster Ihrer Dienstnutzung. Die Quelle der Nutzungsdaten ist Google Analytics. Diese Nutzungsdaten k\u00f6nnen zum Zwecke der Analyse der Nutzung der Website und der Dienste verarbeitet werden. Rechtsgrundlage f\u00fcr diese Verarbeitung ist unser berechtigtes Interesse an der \u00dcberwachung und Verbesserung unserer Website und Dienstleistungen.<\/p>\n<p>2.3   Wir d\u00fcrfen Ihre Kundendaten verarbeiten (&#8222;Kundendaten&#8220;)<br \/>\nDie Kundendaten k\u00f6nnen zum Zwecke der Erbringung unserer Dienstleistungen und der Kommunikation mit Ihnen verarbeitet werden. Rechtsgrundlage f\u00fcr diese Verarbeitung ist Zustimmung.<\/p>\n<p>2.4   Wir k\u00f6nnen Informationen aus jeder Anfrage verarbeiten, die Sie uns bez\u00fcglich Waren und\/oder Dienstleistungen stellen (&#8222;Anfragedaten&#8220;). Die Anfragedaten k\u00f6nnen zum Zwecke des Angebots, der Vermarktung und des Verkaufs bestimmter Produkte und\/oder Dienstleistungen an Sie verarbeitet werden. Rechtsgrundlage f\u00fcr diese Verarbeitung ist Zustimmung.<\/p>\n<p>2.5  Wir k\u00f6nnen Informationen, die Sie uns zur Verf\u00fcgung stellen, verarbeiten zum Zwecke des Abonnierens unserer E-Mail-Benachrichtigungen und\/oder Newsletter. (&#8222;Benachrichtigungsdaten&#8220;). Die Benachrichtigungsdaten k\u00f6nnen verarbeitet werden, um Ihnen relevante Benachrichtigungen und\/oder Newsletter zuzusenden. Rechtsgrundlage f\u00fcr die Verarbeitung ist Zustimmung.<\/p>\n<p>2.6   Wir k\u00f6nnen Informationen verarbeiten, die in jeder Kommunikation oder im Zusammenhang mit jeder Kommunikation enthalten sind, die Sie an uns senden (&#8222;Korrespondenzdaten&#8220;). Die Korrespondenzdaten k\u00f6nnen den Kommunikationsinhalt und die mit der Kommunikation verbundenen Metadaten beinhalten. Unsere Website generiert die Metadaten im Zusammenhang mit der Kommunikation \u00fcber die Kontaktformulare der Website. Die Korrespondenzdaten k\u00f6nnen zum Zwecke der Kommunikation mit Ihnen und zum Zwecke der Dokumentation verarbeitet werden. Rechtsgrundlage f\u00fcr diese Verarbeitung ist unser berechtigtes Interesses an der ordnungsgem\u00e4\u00dfen Verwaltung unserer Website sowie dem Gesch\u00e4ft und der Kommunikation mit den Nutzern.<\/p>\n<p>2.7  Wir sind berechtigt, Ihre in dieser Richtlinie genannten personenbezogenen Daten zu verarbeiten, soweit dies zur Geltendmachung, Aus\u00fcbung oder Verteidigung von Rechtsanspr\u00fcchen erforderlich ist, sei es in Gerichtsverfahren oder in einem administrativen oder au\u00dfergerichtlichen Verfahren. Die rechtliche Grundlage f\u00fcr diese Verarbeitung sind unsere legitimen Interessen, namentlich der Schutz und die Geltendmachung unserer gesetzlichen Rechte, Ihrer gesetzlichen Rechte und der gesetzlichen Rechte Dritter.<\/p>\n<p>2.8  Wir sind berechtigt, Ihre in dieser Datenschutzerkl\u00e4rung genannten personenbezogenen Daten zu verarbeiten, wo dies zum Zwecke des Erhalts oder der Wahrung des Versicherungsschutzes, des Risikomanagements oder der Einholung professioneller Beratung erforderlich ist. Rechtsgrundlage f\u00fcr diese Verarbeitung sind unsere berechtigten Interessen, namentlich der ordnungsgem\u00e4\u00dfe Schutz unseres Unternehmens vor Risiken.<\/p>\n<p>2.9  Zus\u00e4tzlich zu den in Abschnitt 2 dargelegten spezifischen Zwecken, f\u00fcr die wir Ihre personenbezogenen Daten verarbeiten d\u00fcrfen, k\u00f6nnen wir s\u00e4mtliche personenbezogenen Daten verarbeiten, wenn eine solche Verarbeitung zur Erf\u00fcllung einer rechtlichen Verpflichtung, der wir unterliegen, oder zum Schutz Ihrer pers\u00f6nlichen Interessen oder der pers\u00f6nlichen Interessen einer anderen nat\u00fcrlichen Person erforderlich ist.<\/p>\n<p>2.10  Bitte geben Sie keine pers\u00f6nlichen Daten anderer Personen an uns weiter, es sei denn, wir fordern Sie dazu auf.<\/p>\n<p>3. Weitergabe Ihrer pers\u00f6nlichen Daten an andere<\/p>\n<p>3.1  Wir k\u00f6nnen Ihre pers\u00f6nlichen Daten an jedes Mitglied unserer Unternehmensgruppe (d.h. unsere Tochtergesellschaften, unsere oberste Holdinggesellschaft und deren Tochtergesellschaften) weitergeben, soweit dies f\u00fcr die in dieser Richtlinie dargelegten Zwecke, auf Basis der rechtlichen Grundlagen, erforderlich ist. Informationen \u00fcber unsere Unternehmensgruppe finden Sie unter www.compumedics.com.<\/p>\n<p>3.2  Wir k\u00f6nnen Ihre pers\u00f6nlichen Daten unseren Versicherern und\/oder professionellen Beratern offenlegen, soweit dies in angemessener Weise zum Zwecke der Gew\u00e4hrung oder der Wahrung des Versicherungsschutzes, des Risikomanagements, der Einholung professioneller Beratung oder zur Geltendmachung, Aus\u00fcbung oder Verteidigung von Rechtsanspr\u00fcchen, sei es in Gerichtsverfahren oder in einem administrativen oder au\u00dfergerichtlichen Verfahren, erforderlich ist.<\/p>\n<p>3.3  Zus\u00e4tzlich zu den in Abschnitt 3 dargelegten spezifischen Offenlegungen pers\u00f6nlicher Daten k\u00f6nnen wir Ihre pers\u00f6nlichen Daten offenlegen, wenn eine solche Offenlegung zur Erf\u00fcllung einer gesetzlichen Verpflichtung, der wir unterliegen, oder zum Schutz Ihrer pers\u00f6nlichen Interessen oder der pers\u00f6nlichen Interessen einer anderen nat\u00fcrlichen Person erforderlich ist. Wir k\u00f6nnen Ihre personenbezogenen Daten auch offenlegen, wenn eine solche Offenlegung f\u00fcr die Geltendmachung, Aus\u00fcbung und Verteidigung von Rechtsanspr\u00fcchen erforderlich ist, sei es in Gerichtsverfahren oder in einem administrativen oder au\u00dfergerichtlichen Verfahren.<\/p>\n<p>4. Aufbewahrung und L\u00f6schung pers\u00f6nlicher Daten<\/p>\n<p>4.1  Abschnitt 4 erl\u00e4utert unsere Richtlinien und Verfahren zur Datenaufbewahrung, die dazu dienen, sicherzustellen, dass wir unseren gesetzlichen Verpflichtungen in Bezug auf die Aufbewahrung und L\u00f6schung von personenbezogenen Daten nachkommen.<\/p>\n<p>4.2 Personenbezogene Daten, die wir f\u00fcr einen oder mehrere Zwecke verarbeiten, werden nicht l\u00e4nger aufbewahrt, als es f\u00fcr diesen Zweck oder diese Zwecke erforderlich ist.<\/p>\n<p>4.3  Wir werden Ihre pers\u00f6nlichen Daten wie folgt aufbewahren:<\/p>\n<p>(a) Die Kategorie der personenbezogenen Daten wird f\u00fcr einen Mindestzeitraum von .. und f\u00fcr einen H\u00f6chstzeitraum von 7 Jahren nach Erhalt aufbewahrt.<\/p>\n<p>4.4 In einigen F\u00e4llen ist es uns nicht m\u00f6glich, den Zeitraum f\u00fcr die Aufbewahrung Ihrer pers\u00f6nlichen Daten im Voraus festzulegen. In solchen F\u00e4llen werden wir die Aufbewahrungsdauer anhand der folgenden Kriterien festlegen:<\/p>\n<p>(a) Die Aufbewahrungsdauer pers\u00f6nlicher Daten wird auf der Grundlage der Einhaltung rechtlicher Verpflichtungen festgelegt.<\/p>\n<p>4.5 Ungeachtet der \u00fcbrigen Bestimmungen in Abschnitt 4 k\u00f6nnen wir Ihre personenbezogenen Daten aufbewahren, wenn eine solche Aufbewahrung zur Erf\u00fcllung einer gesetzlichen Verpflichtung, der wir unterliegen, oder zum Schutz Ihrer pers\u00f6nlichen Interessen oder der pers\u00f6nlichen Interessen einer anderen nat\u00fcrlichen Person erforderlich ist.<\/p>\n<p>5. Erg\u00e4nzungen<\/p>\n<p>5.1 Diese Nutzungsbedingungen werden wir von Zeit zu Zeit aktualisieren, indem wir eine neue Version auf unserer Website ver\u00f6ffentlichen.<\/p>\n<p>5.2  Wir empfehlen Ihnen, diese Seite gelegentlich zu besuchen, um sicherzustellen, dass Sie mit eventuellen \u00c4nderungen der Datenschutzrichtlinien einverstanden sind.<\/p>\n<p>6. Ihre Rechte<\/p>\n<p>6.1  In Abschnitt 6 haben wir die Rechte zusammengefasst, die Ihnen nach dem Datenschutzgesetz zustehen. Einige der Rechte sind komplex, und nicht alle Einzelheiten sind in unseren Zusammenfassungen enthalten. Dementsprechend sollten Sie f\u00fcr eine vollst\u00e4ndige Erl\u00e4uterung dieser Rechte die einschl\u00e4gigen Gesetze und Hinweise der Regulierungsbeh\u00f6rden lesen.<\/p>\n<p>6.2  Ihre wichtigsten datenschutzrechtlichen Rechte sind:<\/p>\n<p>(a) das Recht auf Zugang;<\/p>\n<p>(b) das Recht auf Richtigstellung;<\/p>\n<p>(c) das Recht auf L\u00f6schung;<\/p>\n<p>(d) das Recht, die Verarbeitung einzuschr\u00e4nken;<\/p>\n<p>(e) das Recht, der Verarbeitung zu widersprechen;<\/p>\n<p>(g) das Recht, sich bei einer Aufsichtsbeh\u00f6rde zu beschweren; und<\/p>\n<p>h) das Recht, die Zustimmung zur\u00fcckzuziehen.<\/p>\n<p>6.3  Sie haben das Recht auf Auskunft dar\u00fcber, ob wir Ihre personenbezogenen Daten verarbeiten oder nicht, und, sofern dies der Fall ist, auf Zugang zu den personenbezogenen Daten sowie auf bestimmte Zusatzinformationen. Zu diesen Zusatzinformationen geh\u00f6ren Angaben \u00fcber den Zweck der Verarbeitung, die betroffenen Kategorien personenbezogener Daten und die Empf\u00e4nger der personenbezogenen Daten. Unter der Voraussetzung, dass die Rechte und Freiheiten anderer nicht beeintr\u00e4chtigt werden, werden wir Ihnen eine Kopie Ihrer pers\u00f6nlichen Daten zur Verf\u00fcgung stellen. Das erste Exemplar wird Ihnen kostenlos zur Verf\u00fcgung gestellt, f\u00fcr weitere Exemplare kann jedoch eine angemessene Geb\u00fchr erhoben werden.<\/p>\n<p>6.4  Sie haben das Recht, unrichtige personenbezogene Daten \u00fcber Sie berichtigen zu lassen und, unter Ber\u00fccksichtigung der Zwecke der Verarbeitung, unvollst\u00e4ndige personenbezogene Daten \u00fcber Sie vervollst\u00e4ndigen zu lassen.<\/p>\n<p>6.5  Unter bestimmten Umst\u00e4nden haben Sie das Recht auf unverz\u00fcgliche L\u00f6schung Ihrer pers\u00f6nlichen Daten. Zu diesen Umst\u00e4nden geh\u00f6ren: Die pers\u00f6nlichen Daten sind in Bezug auf die Zwecke, f\u00fcr die sie erhoben oder anderweitig verarbeitet wurden, nicht mehr erforderlich; Sie widerrufen die Einwilligung in die Verarbeitung Ihrer pers\u00f6nlichen Daten; Sie widersprechen der Verarbeitung nach gewissen Regeln des anwendbaren Datenschutzrechts; Die Verarbeitung erfolgt f\u00fcr Zwecke des Direktmarketings; und die pers\u00f6nlichen Daten wurden unrechtm\u00e4\u00dfig verarbeitet. Es gibt jedoch Ausschl\u00fcsse des Rechts auf L\u00f6schung. Zu den allgemeinen Ausschl\u00fcssen geh\u00f6ren die F\u00e4lle, in denen die Verarbeitung notwendig ist: f\u00fcr die Aus\u00fcbung des Rechts auf freie Meinungs\u00e4u\u00dferung und Informationsfreiheit, f\u00fcr die Erf\u00fcllung einer gesetzlichen Verpflichtung oder f\u00fcr die Geltendmachung, Aus\u00fcbung oder Verteidigung von Rechtsanspr\u00fcchen.<\/p>\n<p>6.6  Unter bestimmten Umst\u00e4nden haben Sie das Recht, die Verarbeitung Ihrer pers\u00f6nlichen Daten einzuschr\u00e4nken. Diese Umst\u00e4nde sind: Sie bestreiten die Richtigkeit der pers\u00f6nlichen Daten; die Verarbeitung ist unrechtm\u00e4\u00dfig, aber Sie widersetzen sich der L\u00f6schung; wir ben\u00f6tigen die pers\u00f6nlichen Daten nicht mehr f\u00fcr die Zwecke unserer Verarbeitung, aber Sie ben\u00f6tigen pers\u00f6nliche Daten f\u00fcr die Geltendmachung, Aus\u00fcbung oder Verteidigung von Rechtsanspr\u00fcchen; und Sie haben der Verarbeitung widersprochen, bis die \u00dcberpr\u00fcfung dieses Widerspruchs abgeschlossen ist. Wurde die Verarbeitung auf dieser Grundlage eingeschr\u00e4nkt, k\u00f6nnen wir Ihre personenbezogenen Daten weiterhin speichern. Wir werden sie jedoch nur anderweitig verarbeiten: mit Ihrer Zustimmung, zur Geltendmachung, Aus\u00fcbung oder Verteidigung von Rechtsanspr\u00fcchen, zum Schutz der Rechte einer anderen nat\u00fcrlichen oder juristischen Person oder aus Gr\u00fcnden eines wichtigen \u00f6ffentlichen Interesses.<\/p>\n<p>6.7  Sie haben das Recht, der Verarbeitung Ihrer personenbezogenen Daten durch uns aus Gr\u00fcnden zu widersprechen, die sich auf Ihre besondere Situation beziehen, jedoch nur insoweit, als die Verarbeitung aufgrund der Rechtsgrundlage erforderlich ist f\u00fcr: die Wahrnehmung einer Aufgabe, die im \u00f6ffentlichen Interesse liegt oder in Aus\u00fcbung einer uns \u00fcbertragenen \u00f6ffentlichen Gewalt erfolgt; oder die Zwecke der von uns oder einem Dritten verfolgten legitimen Interessen. Wenn Sie einen solchen Einspruch erheben, werden wir die Verarbeitung der personenbezogenen Daten einstellen, es sei denn, wir k\u00f6nnen zwingende legitime Gr\u00fcnde f\u00fcr die Verarbeitung nachweisen, die Ihre Interessen, Rechte und Freiheiten \u00fcberwiegen, oder die Verarbeitung dient der Geltendmachung, Aus\u00fcbung oder Verteidigung von Rechtsanspr\u00fcchen.<\/p>\n<p>6.8  In dem Ma\u00dfe, in dem die rechtliche Grundlage f\u00fcr unsere Verarbeitung Ihrer pers\u00f6nlichen Daten<\/p>\n<p>(a)  Ihre Einwilligung ist; oder<\/p>\n<p>(b)  dass die Verarbeitung f\u00fcr die Erf\u00fcllung eines Vertrags, dessen Vertragspartei Sie sind, oder f\u00fcr die Durchf\u00fchrung vorvertraglichen Ma\u00dfnahmen auf Ihren Antrag hin, erforderlich ist,<\/p>\n<p>und diese Verarbeitung mit automatisierten Mitteln erfolgt, haben Sie das Recht, Ihre personenbezogenen Daten in einem strukturierten, allgemein \u00fcblichen und maschinenlesbaren Format von uns zu erhalten. Dieses Recht gilt jedoch nicht, wenn es sich nachteilig auf die Rechte und Freiheiten anderer auswirken w\u00fcrde.<\/p>\n<p>6.9  Wenn Sie der Ansicht sind, dass unsere Verarbeitung Ihrer pers\u00f6nlichen Daten gegen Datenschutzgesetze verst\u00f6\u00dft, haben Sie das Recht, bei einer f\u00fcr den Datenschutz zust\u00e4ndigen Aufsichtsbeh\u00f6rde eine Beschwerde einzureichen. Sie k\u00f6nnen dies in dem EU-Mitgliedsstaat tun, in dem Sie Ihren Wohnsitz oder Ihren Arbeitsplatz haben oder in dem sich der mutma\u00dfliche Versto\u00df gegen das Datenschutzrecht ereignet hat.<\/p>\n<p>6.10  Soweit die rechtliche Grundlage f\u00fcr unsere Verarbeitung Ihrer pers\u00f6nlichen Daten die Zustimmung ist, haben Sie das Recht, diese Zustimmung jederzeit zu widerrufen. Der Widerruf hat keinen Einfluss auf die Rechtm\u00e4\u00dfigkeit der Datenverarbeitung vor dem Widerruf.<\/p>\n<p>6.11  Sie k\u00f6nnen jedes Ihrer Rechte in Bezug auf Ihre pers\u00f6nlichen Daten durch schriftliche Mitteilung an uns aus\u00fcben, zus\u00e4tzlich zu den anderen in Abschnitt 6 genannten Mitteln. <\/p>\n<p>7. Websites Dritter<\/p>\n<p>7.1 Unsere Website enth\u00e4lt Hyperlinks zu und Einzelheiten \u00fcber Websites Dritter.<\/p>\n<p>7.2 Wir haben keine Kontrolle \u00fcber die Datenschutzrichtlinien und -praktiken von Drittanbietern und sind nicht f\u00fcr diese verantwortlich.<\/p>\n<p>8. Personenbezogene Daten von Kindern<\/p>\n<p>8.1  Unsere Website und unsere Dienste richten sich an Personen \u00fcber 18 Jahre.<\/p>\n<p>8.2  Wenn wir Grund zu der Annahme haben, dass wir personenbezogene Daten einer Person unter diesem Alter in unseren Datenbanken gespeichert haben, werden wir diese personenbezogenen Daten l\u00f6schen.<\/p>\n<p>9. Aktualisieren von Informationen<\/p>\n<p>9.1  Bitte teilen Sie uns mit, wenn die pers\u00f6nlichen Daten, die wir \u00fcber Sie gespeichert haben, korrigiert oder aktualisiert werden m\u00fcssen.<\/p>\n<p>10. Informationen \u00fcber Cookies<\/p>\n<p>10.1  Ein Cookie ist eine Datei, die eine Kennung (eine Zeichenfolge aus Buchstaben und Zahlen) enth\u00e4lt, die von einem Webserver an einen Webbrowser gesendet und von diesem gespeichert wird. Der Identifikator wird dann jedes Mal, wenn der Browser eine Seite vom Server anfordert, an den Server zur\u00fcckgeschickt.<\/p>\n<p>10.2  Cookies k\u00f6nnen entweder &#8222;permanente&#8220; Cookies oder &#8222;Sitzungs-Cookies&#8220; sein: Ein permanenter Cookie wird von einem Web-Browser gespeichert und bleibt bis zu seinem festgelegten Ablaufdatum g\u00fcltig, es sei denn, der Benutzer l\u00f6scht ihn vor dem Ablaufdatum; ein Sitzungs-Cookie hingegen verf\u00e4llt am Ende der Benutzersitzung, wenn der Web-Browser geschlossen wird.<\/p>\n<p>10.3  Cookies enthalten in der Regel keine Informationen, die einen Benutzer pers\u00f6nlich identifizieren, aber pers\u00f6nliche Informationen, die wir \u00fcber Sie speichern, k\u00f6nnen mit den in Cookies gespeicherten und von Cookies erhaltenen Informationen verkn\u00fcpft werden.<\/p>\n<p>Von uns verwendete Cookies<\/p>\n<p>11.1  Wir verwenden Cookies f\u00fcr die folgenden Zwecke:<\/p>\n<p>(a) Authentifizierung &#8211; wir verwenden Cookies, um Sie zu identifizieren, wenn Sie unsere Website besuchen und w\u00e4hrend Sie auf unserer Website navigieren (zu diesem Zweck werden folgende Cookies verwendet:<\/p>\n<p>(b) Status &#8211; wir verwenden Cookies, um festzustellen, ob Sie auf unserer Website eingeloggt sind (zu diesem Zweck werden folgende Cookies verwendet: &#8230;)<\/p>\n<p>(c) Einkaufswagen &#8211; wir verwenden Cookies, um den Status Ihres Einkaufswagens zu erhalten, w\u00e4hrend Sie auf unserer Website navigieren (zu diesem Zweck werden folgende Cookies verwendet:<\/p>\n<p>(d) Personalisierung &#8211; wir verwenden Cookies, um Informationen \u00fcber Ihre Pr\u00e4ferenzen zu speichern und um unsere Website f\u00fcr Sie zu personalisieren (zu diesem Zweck werden folgende Cookies verwendet: &#8230;)           <\/p>\n<p>(e) Sicherheit &#8211; wir verwenden Cookies als ein Element der Sicherheitsma\u00dfnahmen f\u00fcr den Schutz der Benutzerkonten, einschlie\u00dflich der Verhinderung des betr\u00fcgerischen Gebrauchs von Anmeldedaten, und zum Schutz unserer Website und Dienstleistungen im Allgemeinen (zu diesem Zweck werden folgende Cookies verwendet:&#8230;) <\/p>\n<p>(f) Analyse &#8211; wir verwenden Cookies, die uns helfen, die Nutzung und Leistung unserer Website und Dienstleistungen zu analysieren (zu diesem Zweck werden folgende Cookies verwendet&#8230;) <\/p>\n<p>12. Von unseren Service Providern verwendete Cookies<\/p>\n<p>12.1  Unsere Dienstleistungsanbieter verwenden Cookies, und diese Cookies k\u00f6nnen auf Ihrem Computer gespeichert werden, wenn Sie unsere Website besuchen.<\/p>\n<p>12.2  Wir verwenden Google Analytics, um die Nutzung unserer Website zu analysieren. Google Analytics sammelt mit Hilfe von Cookies Informationen \u00fcber die Nutzung unserer Website. Die im Zusammenhang mit unserer Website gesammelten Informationen werden verwendet, um Berichte \u00fcber die Nutzung unserer Website zu erstellen. Die Datenschutzbestimmungen von Google finden Sie unter https:\/\/www.google.com\/policies\/privacy\/. Die relevanten Cookies sind: &#8230;<\/p>\n<p>12.3  Wir verwenden [identify srvice provider] f\u00fcr [specify service]. Dieser Dienst verwendet Cookies f\u00fcr [specify purpose(s)]. Sie k\u00f6nnen die Datenschutzerkl\u00e4rung dieses Dienstanbieters unter [URL] einsehen.<\/p>\n<p>13. Verwaltung von Cookies<\/p>\n<p>13.1 Bei den meisten Browsern k\u00f6nnen Sie die Zustimmung zu Cookies verweigern und Cookies l\u00f6schen. Die Methoden dazu sind von Browser zu Browser und von Version zu Version verschieden. Sie k\u00f6nnen jedoch \u00fcber diese Links aktuelle Informationen \u00fcber das Blockieren und L\u00f6schen von Cookies erhalten:<\/p>\n<p>(a) https:\/\/support.google.com\/chrome\/answer\/95647? (Chrome);<\/p>\n<p>(b) https:\/\/support.mozilla.org\/ (Firefox);<\/p>\n<p>(c) http:\/\/www.opera.com\/help\/tutorials\/security\/cookies\/ (Opera);<\/p>\n<p>(d) https:\/\/support.microsoft.com\/ (Internet Explorer)<\/p>\n<p>(e) https:\/\/support.apple.com (Safari)<\/p>\n<p>(f) https:\/\/privacy.microsoft.com\/en-us\/windows-10-microsoft-edge-and-privacy (Edge)<\/p>\n<p>13.2 Das Blockieren aller Cookies hat negative Auswirkungen auf die Nutzbarkeit vieler Websites.<\/p>\n<p>13.3 Wenn Sie Cookies blockieren, k\u00f6nnen Sie nicht alle Funktionen unserer Website nutzen.<\/p>\n<p>14. Cookie-Einstellungen<\/p>\n<p>14.1  Sie k\u00f6nnen Ihre Cookie-Einstellungen auf unserer Website verwalten, indem Sie folgende Seite aufrufen: &#8230;<\/p>\n<p>15. Unsere Daten<\/p>\n<p>15.1  Diese Website ist Eigentum von Compumedics Limited und wird von Compumedics Limited betrieben.<\/p>\n<p>15.2  Wir sind in Abbotsford, Victoria, Australien unter der Registriernummer ACN: 006 854 879 registriert, und unser eingetragener Firmensitz befindet sich in 30-40 Flockhart Street, Abbotsford, Victoria, 3067 Australien.<\/p>\n<p>15.3  Unser Hauptgesch\u00e4ftssitz befindet sich in 30-40 Flockhart Street, Abbotsford, Victoria, 3067 Australien.<\/p>\n<p>15.4  Sie k\u00f6nnen mit uns Kontakt aufnehmen:<\/p>\n<p>a) \u00fcber unser Website-Kontaktformular.<\/p>\n<p>16. Datenschutzbeauftragter<\/p>\n<p>16.1  Die Kontaktdaten unseres Datenschutzbeauftragten sind: dataprotectionofficer@compumedics.com.au.<\/p>\n","protected":false},"excerpt":{"rendered":"<p>Einf\u00fchrung 1.1 Wir verpflichten uns, die Privatsph\u00e4re unserer Website-Besucher zu sch\u00fctzen. 1.2 Die Datenschutzrichtlinie findet \u00fcberall dort Anwendung, wo wir als Verantwortlicher f\u00fcr die Verarbeitung der pers\u00f6nlichen Daten unserer Website-Besucher agieren, d.h. dort, wo wir die Verwendungszwecke und Mittel der [&hellip;]<\/p>\n","protected":false},"author":5,"featured_media":7558,"parent":7503,"menu_order":10,"comment_status":"closed","ping_status":"closed","template":"page-about.php","meta":{"_acf_changed":false,"footnotes":""},"class_list":["post-7682","page","type-page","status-publish","has-post-thumbnail","hentry"],"acf":[],"_links":{"self":[{"href":"https:\/\/www.compumedics.com.au\/de\/wp-json\/wp\/v2\/pages\/7682","targetHints":{"allow":["GET"]}}],"collection":[{"href":"https:\/\/www.compumedics.com.au\/de\/wp-json\/wp\/v2\/pages"}],"about":[{"href":"https:\/\/www.compumedics.com.au\/de\/wp-json\/wp\/v2\/types\/page"}],"author":[{"embeddable":true,"href":"https:\/\/www.compumedics.com.au\/de\/wp-json\/wp\/v2\/users\/5"}],"replies":[{"embeddable":true,"href":"https:\/\/www.compumedics.com.au\/de\/wp-json\/wp\/v2\/comments?post=7682"}],"version-history":[{"count":0,"href":"https:\/\/www.compumedics.com.au\/de\/wp-json\/wp\/v2\/pages\/7682\/revisions"}],"up":[{"embeddable":true,"href":"https:\/\/www.compumedics.com.au\/de\/wp-json\/wp\/v2\/pages\/7503"}],"wp:featuredmedia":[{"embeddable":true,"href":"https:\/\/www.compumedics.com.au\/de\/wp-json\/wp\/v2\/media\/7558"}],"wp:attachment":[{"href":"https:\/\/www.compumedics.com.au\/de\/wp-json\/wp\/v2\/media?parent=7682"}],"curies":[{"name":"wp","href":"https:\/\/api.w.org\/{rel}","templated":true}]}}