{"id":7503,"date":"2020-05-14T01:01:21","date_gmt":"2020-05-13T14:01:21","guid":{"rendered":"http:\/\/www.compumedics.com.au\/about-us\/"},"modified":"2020-10-28T23:49:23","modified_gmt":"2020-10-28T12:49:23","slug":"about-us","status":"publish","type":"page","link":"https:\/\/www.compumedics.com.au\/de\/about-us\/","title":{"rendered":"\u00dcber uns"},"content":{"rendered":"<p>Compumedics Limited (ASX:CMP) ist ein Medizintechnikunternehmen im Bereich Entwicklung, Herstellung und Vermarktung von Diagnosetechnologie f\u00fcr die Gebiete Schlaf, Gehirn und Ultraschall-Blutflussmonitoring. Das Unternehmen besitzt die Firmen Compumedics Neuroscan mit Sitz in den USA sowie die Compumedics Germany GmbH mit Sitz in Deutschland. Zusammen mit seinen beiden Tochtergesellschaften verf\u00fcgt Compumedics \u00fcber eine breite internationale Reichweite, einschlie\u00dflich Nord- und S\u00fcdamerika, Australien\/Asien-Pazifik sowie Europa und dem Nahen Osten.<\/p>\n<p>Executive Chairman, Dr. David Burton, gr\u00fcndete Compumedics 1987. Im selben Jahr entwarf und installierte Compumedics erfolgreich die erste australische, vollst\u00e4ndig computerisierte Schlafklinik am Epworth Hospital in Melbourne. Nach diesem fr\u00fchen Erfolg konzentrierte sich Compumedics auf die Entwicklung von Produkten f\u00fcr die wachsenden internationalen M\u00e4rkte in den Bereichen klinischer Schlaf und Home Monitoring. Compumedics wurde im Jahr 2000 an der australischen Wertpapierb\u00f6rse notiert. Im Laufe der Jahre erhielt Compumedics zahlreiche Preise und Auszeichnungen &#8211; darunter Australiens Exporteur des Jahres &#8211; und erhielt sowohl von der deutschen als auch von der australischen Regierung das G\u00fctesiegel Top 100 Innovator.<\/p>\n","protected":false},"excerpt":{"rendered":"<p>Compumedics Limited (ASX:CMP) ist ein Medizintechnikunternehmen im Bereich Entwicklung, Herstellung und Vermarktung von Diagnosetechnologie f\u00fcr die Gebiete Schlaf, Gehirn und Ultraschall-Blutflussmonitoring. Das Unternehmen besitzt die Firmen Compumedics Neuroscan mit Sitz in den USA sowie die Compumedics Germany GmbH mit Sitz [&hellip;]<\/p>\n","protected":false},"author":21,"featured_media":0,"parent":0,"menu_order":45,"comment_status":"closed","ping_status":"closed","template":"page-about.php","meta":{"_acf_changed":false,"footnotes":""},"class_list":["post-7503","page","type-page","status-publish","hentry"],"acf":[],"_links":{"self":[{"href":"https:\/\/www.compumedics.com.au\/de\/wp-json\/wp\/v2\/pages\/7503","targetHints":{"allow":["GET"]}}],"collection":[{"href":"https:\/\/www.compumedics.com.au\/de\/wp-json\/wp\/v2\/pages"}],"about":[{"href":"https:\/\/www.compumedics.com.au\/de\/wp-json\/wp\/v2\/types\/page"}],"author":[{"embeddable":true,"href":"https:\/\/www.compumedics.com.au\/de\/wp-json\/wp\/v2\/users\/21"}],"replies":[{"embeddable":true,"href":"https:\/\/www.compumedics.com.au\/de\/wp-json\/wp\/v2\/comments?post=7503"}],"version-history":[{"count":0,"href":"https:\/\/www.compumedics.com.au\/de\/wp-json\/wp\/v2\/pages\/7503\/revisions"}],"wp:attachment":[{"href":"https:\/\/www.compumedics.com.au\/de\/wp-json\/wp\/v2\/media?parent=7503"}],"curies":[{"name":"wp","href":"https:\/\/api.w.org\/{rel}","templated":true}]}}