{"id":7382,"date":"2020-03-30T20:55:19","date_gmt":"2020-03-30T09:55:19","guid":{"rendered":"http:\/\/www.compumedics.com.au\/forschung-und-entwicklung\/"},"modified":"2020-07-02T01:09:54","modified_gmt":"2020-07-01T14:09:54","slug":"forschung-und-entwicklung","status":"publish","type":"page","link":"https:\/\/www.compumedics.com.au\/de\/about-us\/forschung-und-entwicklung\/","title":{"rendered":"Forschung und Entwicklung"},"content":{"rendered":"<p>Compumedics behauptet auf dem Markt f\u00fcr physiologische Datenaufzeichung\/Diagnostik seine Spitzenposition durch die konsequente Fortf\u00fchrung seiner Forschungs- und Entwicklungsarbeit. Compumedics verf\u00fcgt \u00fcber ein hoch qualifiziertes Forschungsteam und hat bedeutendes geistiges Eigentum entwickelt. Diese Ressourcen erm\u00f6glichen es dem Unternehmen, zusammen mit dem medizinischen Fachbeirat, auch in Zukunft die besten diagnostischen Produkte f\u00fcr den medizinischen Markt zu entwickeln. Zur Sicherstellung einer kontinuierlichen Produktentwicklung hat das Unternehmen eine spezielle Innovationsgruppe ins Leben gerufen. Zielsetzung der Innovationsgruppe ist es, eng mit dem medizinischen Fachberatergremium und den Medizin- und Forschungsgemeinschaften zusammen zu arbeiten, um Produkttrends, Paradigmenwechsel in der Technologie und Trends im Gesundheitswesen fr\u00fchzeitig zu erkennen.<\/p>\n","protected":false},"excerpt":{"rendered":"<p>Compumedics behauptet auf dem Markt f\u00fcr physiologische Datenaufzeichung\/Diagnostik seine Spitzenposition durch die konsequente Fortf\u00fchrung seiner Forschungs- und Entwicklungsarbeit. Compumedics verf\u00fcgt \u00fcber ein hoch qualifiziertes Forschungsteam und hat bedeutendes geistiges Eigentum entwickelt. Diese Ressourcen erm\u00f6glichen es dem Unternehmen, zusammen mit dem [&hellip;]<\/p>\n","protected":false},"author":5,"featured_media":0,"parent":7503,"menu_order":61,"comment_status":"closed","ping_status":"closed","template":"page-about.php","meta":{"_acf_changed":false,"footnotes":""},"class_list":["post-7382","page","type-page","status-publish","hentry"],"acf":[],"_links":{"self":[{"href":"https:\/\/www.compumedics.com.au\/de\/wp-json\/wp\/v2\/pages\/7382","targetHints":{"allow":["GET"]}}],"collection":[{"href":"https:\/\/www.compumedics.com.au\/de\/wp-json\/wp\/v2\/pages"}],"about":[{"href":"https:\/\/www.compumedics.com.au\/de\/wp-json\/wp\/v2\/types\/page"}],"author":[{"embeddable":true,"href":"https:\/\/www.compumedics.com.au\/de\/wp-json\/wp\/v2\/users\/5"}],"replies":[{"embeddable":true,"href":"https:\/\/www.compumedics.com.au\/de\/wp-json\/wp\/v2\/comments?post=7382"}],"version-history":[{"count":0,"href":"https:\/\/www.compumedics.com.au\/de\/wp-json\/wp\/v2\/pages\/7382\/revisions"}],"up":[{"embeddable":true,"href":"https:\/\/www.compumedics.com.au\/de\/wp-json\/wp\/v2\/pages\/7503"}],"wp:attachment":[{"href":"https:\/\/www.compumedics.com.au\/de\/wp-json\/wp\/v2\/media?parent=7382"}],"curies":[{"name":"wp","href":"https:\/\/api.w.org\/{rel}","templated":true}]}}