{"id":7378,"date":"2020-03-30T19:58:31","date_gmt":"2020-03-30T08:58:31","guid":{"rendered":"http:\/\/www.compumedics.com.au\/vertrieb-und-marketing\/"},"modified":"2020-07-02T01:09:03","modified_gmt":"2020-07-01T14:09:03","slug":"vertrieb-und-marketing","status":"publish","type":"page","link":"https:\/\/www.compumedics.com.au\/de\/about-us\/vertrieb-und-marketing\/","title":{"rendered":"Vertrieb und Marketing"},"content":{"rendered":"<p>Compumedics vertreibt seine Produkte \u00fcber ein etabliertes internationales Netzwerk von Distributoren und Direktverkaufsb\u00fcros. Compumedics hat seinen zentralen Firmensitz in Melbourne, Australien, mit Au\u00dfenb\u00fcros in den USA, Deutschland und Frankreich. Compumedics arbeitet sehr eng mit seinen Distributoren zusammen, um die Kundenbed\u00fcrfnisse zu erfassen und um optimalen Service zu bieten, sowohl f\u00fcr die Distributoren als auch f\u00fcr die Endanwender der Produkte. Aufgabe und Verpflichtung der H\u00e4ndler ist der Direktverkauf an die Endkunden in ihren jeweiligen Vertriebsgebieten. Die globalen Vertriebs- und Marketingaktivit\u00e4ten des Unternehmens werden vom Hauptsitz in Melbourne, Australien, koordiniert.<\/p>\n<p>Um einen Vertriebspartner zu kontaktieren, besuchen Sie bitte unsere Kontaktseite.<\/p>\n<p>Gelegenheit f\u00fcr erfahrene Vertriebspartner!<\/p>\n<p>Kontaktieren Sie Compumedics und informieren Sie sich \u00fcber die M\u00f6glichkeiten, Teil des Compumedics-Vertriebsnetzes in den weltweit wichtigsten Absatzm\u00e4rkten zu werden.<\/p>\n","protected":false},"excerpt":{"rendered":"<p>Compumedics vertreibt seine Produkte \u00fcber ein etabliertes internationales Netzwerk von Distributoren und Direktverkaufsb\u00fcros. Compumedics hat seinen zentralen Firmensitz in Melbourne, Australien, mit Au\u00dfenb\u00fcros in den USA, Deutschland und Frankreich. Compumedics arbeitet sehr eng mit seinen Distributoren zusammen, um die Kundenbed\u00fcrfnisse [&hellip;]<\/p>\n","protected":false},"author":5,"featured_media":0,"parent":7503,"menu_order":65,"comment_status":"closed","ping_status":"closed","template":"page-about.php","meta":{"_acf_changed":false,"footnotes":""},"class_list":["post-7378","page","type-page","status-publish","hentry"],"acf":[],"_links":{"self":[{"href":"https:\/\/www.compumedics.com.au\/de\/wp-json\/wp\/v2\/pages\/7378","targetHints":{"allow":["GET"]}}],"collection":[{"href":"https:\/\/www.compumedics.com.au\/de\/wp-json\/wp\/v2\/pages"}],"about":[{"href":"https:\/\/www.compumedics.com.au\/de\/wp-json\/wp\/v2\/types\/page"}],"author":[{"embeddable":true,"href":"https:\/\/www.compumedics.com.au\/de\/wp-json\/wp\/v2\/users\/5"}],"replies":[{"embeddable":true,"href":"https:\/\/www.compumedics.com.au\/de\/wp-json\/wp\/v2\/comments?post=7378"}],"version-history":[{"count":0,"href":"https:\/\/www.compumedics.com.au\/de\/wp-json\/wp\/v2\/pages\/7378\/revisions"}],"up":[{"embeddable":true,"href":"https:\/\/www.compumedics.com.au\/de\/wp-json\/wp\/v2\/pages\/7503"}],"wp:attachment":[{"href":"https:\/\/www.compumedics.com.au\/de\/wp-json\/wp\/v2\/media?parent=7378"}],"curies":[{"name":"wp","href":"https:\/\/api.w.org\/{rel}","templated":true}]}}